{"id":211,"date":"2012-10-11T23:48:34","date_gmt":"2012-10-11T21:48:34","guid":{"rendered":"http:\/\/www.suedcon.de\/wordpress\/?page_id=211"},"modified":"2015-09-08T17:40:51","modified_gmt":"2015-09-08T15:40:51","slug":"die-midgard-con-saga","status":"publish","type":"page","link":"https:\/\/www.suedcon.de\/wordpress\/veranstaltung\/special-event\/die-midgard-con-saga\/","title":{"rendered":"Die Midgard-Con-Saga"},"content":{"rendered":"<div>&#8211; Ank\u00fcndigung &#8211;<\/div>\n<p><strong><\/strong>Wir sind wieder da! Mit dem Ereignis <em>Die Heerschau zu Dargirna<\/em> wird die MidgardCon-Saga auf dem S\u00fcdCon 2013 abermals in eine neue Runde gehen!<\/p>\n<p>Das Ereignis <em>Die Heerschau zu Dargirna<\/em> startet in der 1. Trideade des Feenmonds im Jahre 2423 nL &#8211; und spielt nur wenige Tage nach den turbulenten Ereignissen von <em><a href=\"http:\/\/www.midgard-forum.de\/forum\/threads\/32974-Breuberg-2013-Das-R%C3%A4tsel-des-Witwenriffs\" target=\"_blank\">Das R\u00e4tsel des Witwenriffs<\/a><\/em>. Dabei wird wieder ein Thema aus verschiedenen Blickwinkeln mit verschiedenen Gruppen durchspielt. Das Ereignis ist gleicherma\u00dfen f\u00fcr Saga-Neulinge, -Profis und -Wiedereinsteiger mit Spielerfiguren ab Grad 4 bis Grad 9 geeignet, wobei wir f\u00fcr f\u00fcnf Gruppen \u00e0 f\u00fcnf Spieler planen. Bei ausreichend Bedarf wird es gegebenenfalls noch eine Extragruppe f\u00fcr spontan Entschlossene geben.<\/p>\n<p>Spieltag wird diesmal der Con-Samstag sein, d.h. die einzelnen Szenarien werden deutlich l\u00e4nger werden. Nach dem Fr\u00fchst\u00fcck um etwa 10.15 Uhr beginnen wir gemeinsam mit einem &#8222;Festakt&#8220; (lasst euch einfach \u00fcberraschen) mit kleinen (musikalischen) Einlagen, danach wird es in den jeweiligen Gruppen bis etwa 01.00 Uhr weiter gehen. Situativ k\u00f6nnen Gruppendurchmischungen oder -zusammenlegungen m\u00f6glich werden. Gegen Ende wird es abermals eine kurze Zusammenkunft geben, jede Gruppe dabei mit ihren SL an einem Tisch, ohne dass dies den Charakter eines Massenvents oder eines Liverollenspiels einnehmen wird &#8211; lasst euch auch hier wieder \u00fcberraschen&#8230;<\/p>\n<p>Der Schauplatz auf <em>Midgard<\/em> ist wiederrum das <strong>F\u00fcrstentum Vigales<\/strong> (siehe auch GB 53) in den K\u00fcstenstaaten. Los gehen wird es an verschiedenen Orten in Vigales. Der gemeinsame Hintergrund einer Heerschau k\u00f6nnte die verschiedenen Gruppen schlie\u00dflich an einem gr\u00f6\u00dferen Ganzen teilhaben lassen &#8211; vielleicht kommen die Spieler ja diesmal wirklich den wahren Gr\u00fcnden hinter dem &#8222;Verh\u00e4ngnis der Lambargis&#8220; auf die Schliche und k\u00f6nnen mehr als nur einen Blick auf die Abgr\u00fcnde am Boden des Glases nehmen.<\/p>\n<p><em><strong>Was ist zuvor passiert?<\/strong><\/em><\/p>\n<p>Ihr m\u00fcsst nicht wissen, was sich bisher alles im Verlaufe der MidgardCon-Saga bereits ereignet hat! Wem dies aber interessiert, der kann sich <a href=\"http:\/\/www.midgard-forum.de\/forum\/threads\/31931-Karten-Personen-Ergebnisse-was-bisher-geschah?p=2256053&amp;viewfull=1#post2256053\" target=\"_blank\">hier<\/a> durchaus umfassend und aus dem Blickwinkel verschiedenster Figuren aus Vigales auf den Stand der Dinge bringen sowie ein wenig &#8222;Landeskundliches&#8220; \u00fcber das F\u00fcrstentum aufschnappen.<\/p>\n<p>Und nat\u00fcrlich hat es wieder ein paar ganz aktuelle <strong>Ger\u00fcchte<\/strong>, welche gerade in der Stadt, den Heerlagern und dem Palast die Runde machen:<\/p>\n<ul>\n<li>Der albische Favorit der Prinzessin, ein gewisser Corwin, soll h\u00e4ufiger mit einer h\u00fcbschen Hofschranze namens Dalietta in die B\u00fcsche verschwunden sein &#8211; genauso wie der edle Estebar de Perellan, der Favorit der F\u00fcrstin als Schwiergesohn; neuderdings soll Dalietta aber f\u00fcr so ein &#8222;nordisches Spitzohr&#8220; schw\u00e4rmen, das aber von ihren offenkundigen Avancen bisher noch nichts mitbekommen zu haben scheint. So erz\u00e4hlt man es sich zumindest in den G\u00e4ngen und Hallen des Castello Lambargis.<\/li>\n<li>Die Kommandantur der Burg rechnet etwa mit 4.500 &#8211; 5000 Mannen, die sich in den n\u00e4chsten Tagen vor den Toren der Stadt zur Heerschau versammeln werden &#8211; den Tross nicht mitgez\u00e4hlt.<\/li>\n<li>Es wird von vermehrten Aktivit\u00e4ten der <em>Kr\u00e4hen von Ancuvia<\/em> (eine ber\u00fcchtigte corische Assassinengemeinschaft) in und um Dargirna gemunkelt.<\/li>\n<li>Der Gro\u00dfmeister der Susperragas, Malifada Tabruzzo, sieht sich als oberster wei\u00dfer Ritter als nat\u00fcrlicher Ehemann der Prinzessin an. So erz\u00e4hlt man es sich zumindest in den G\u00e4ngen und Hallen des Castello Lambargis.<\/li>\n<li>Der Verzauberer von Vigales, Gonzaga de Lambargis, soll sich nach schlagkr\u00e4ftigen S\u00f6ldlingen umgetan haben.<\/li>\n<li>Bekannte scharidische Handelsherren und W\u00fcrdentr\u00e4ger werden von freundlichen vigalischen Gardisten neuerdings auf Schritt und Tritt in der \u00d6ffentlichkeit begleitet. Dies gelte nat\u00fcrlich allein nur zu ihrem Schutz vor \u00dcbergriffen durch den P\u00f6bel.<\/li>\n<li>Der Kanzler von Vigales und Abt von Migrapedes, Fra Orlandrez, plane einen Putsch, um anstelle des unf\u00e4higen Adels f\u00e4hige B\u00fcrgerliche zu setzen, so behaupten es zumindest die freien Drucker von Dargirna.<\/li>\n<li>Marmelcar Brasadas, ehemaliger Sekret\u00e4r der F\u00fcrstin und nun Herold von Vigales, soll der neue Favorit der F\u00fcrstin selbst sein; Gonzaga habe die F\u00fcrstin bitterlich entt\u00e4uscht. So erz\u00e4hlt man es sich zumindest in den G\u00e4ngen und Hallen des Castello Lambargis.<\/li>\n<li>Der erstgeborene Frodgoar des F\u00fcrsten gilt auf Dekret der F\u00fcrstin nunmehr nicht mehr als tot, sondern fortan lediglich als vermisst.<\/li>\n<li>Die umtriebige Hofdame Dalietta soll ein heftiges Techtelmechtel mit dem Marschall der albischen Garde, ein gewisser Aelan, gehabt haben; so besoffen wie der Nordmann war, soll er allerdings selbst nicht viel davon mitbekommen haben. So grunzen es zumindest die bekannten dargirnischen Kampftrinker in der besten Taverne der Stadt, der <em>Anderswelt<\/em>.<\/li>\n<\/ul>\n<p><em><strong>Um was k\u00f6nnte es diesmal gehen?<\/strong><\/em><\/p>\n<p><em>Ein Blick aus noch von der Nacht her schweren Augen nach der verh\u00e4ngnisvollen Ereignissen, die im Ausrufen des Kriegsrechts \u00fcber ganz Vigales gipfelten, hielt Prinzessin Barbelica das alles zun\u00e4chst nur f\u00fcr einen schlechten Traum, belehrt im Lichte des neuen Tages indes die Prinzessin eines Besseren. Zu Hunderten wehen in den Winden des jungen Tages die Banner und ein Schriftzug sticht aller Orten in das Auge der Prinzessin, brennt sich geradezu in ihre Gedanken ein: &#8222;<em>F\u00fcr Barbelica in den Tod<\/em>&#8222;.<\/p>\n<p>Die N\u00e4herinnen und Tuchner m\u00fcssen \u00fcber Nacht sehr flei\u00dfig gewesen sein &#8211; und d\u00fcrften ein riesiges Gesch\u00e4ft gemacht haben. B\u00f6se Zungen sprechen gar davon, Gro\u00dfmeister Malifada Tabruzzo vom Orden der Susperragas habe sich erst vor wenigen Tagen an einigen Tuchnereien beteiligt, und er solle selbst \u00fcber Nacht gro\u00dfe Summen an Geld gemacht haben&#8230; Auch auf seine Weisung hin wurde noch in der Nacht die M\u00fcnzpresse des Tempels der Baales Valianes angeworfen. Unmengen an Hadabor, das Totengeld f\u00fcr Gl\u00e4ubige, sollen sie gepresst haben (die der Culsu-Kult gern gegen weitaus wertvollere Orobor reichlich einwechseln tut). Aber so lauten nur die Ger\u00fcchte in den weitl\u00e4ufigen G\u00e4ngen und Hallen des Castello Lambargis und auch dar\u00fcber hinaus.<\/em><\/p>\n<p>Mit <em>Die Heerschau zu Dargirna<\/em> steht Teil 2 des Doppelfinales vor der T\u00fcr &#8211; und abermals ist die Prinzessin wieder das Zentrum, um das sich alles in Vigales zu drehen scheint. Noch wei\u00df die Prinzessin nicht, die von den Troubadouren gerne &#8222;als das strahlende Licht von Vigales&#8220; besungen wird, was sie von von alldem halten soll. Aber vielleicht brechen schon bald die Schicksalstage einer jungen Prinzessin an, vielleicht wird ihre wahre Liebe doch noch einen Ausweg aus all dem Schlammasel bereiten, der gerade wieder einmal \u00fcber die Prinzessin hereinzubrechen droht.<\/p>\n<p><em>&#8222;Ach Mama&#8220;<\/em>, durchzuckt es unsere junge Prinzessin, <em>&#8222;was hast du blo\u00df wieder mit mir vor&#8230;&#8220;<\/em><\/p>\n<p><strong>Szenario 1 &#8211; Rescatar la fam\u00edlia reia &#8211; (Erl\u00f6st mir die Herrscherfamilie)<\/strong><br \/>\nSL: Jul<\/p>\n<p><em>Ismael ibn Dschafar, Sonderbotschafter des Sultanat Kairawan, Pflegesohn des Mihr von Nedschef, Malik Muman el-Farazdak, Gesandter der Gemeinschaft des Gr\u00fcnen Juwels, Magus Pyrethu der Madrasa al-Atir, ordenliches Mitglied des Covendo Mageo de Cevereges Lidrales sucht findige und entschlossene Spezialisten, welche die n\u00f6tigen Schritte unternehmen, um den F\u00fcrsten Alberigo de Lambargi und andere aus seiner Familie, die m\u00f6glicherweise ebenfalls unter den Verw\u00fcnschungen dieser Feyenwesen zu leiden haben, von ihrem Ungemach zu erl\u00f6sen, auf das endlich das auf dem ehrenwerten Hause Lambargi lastende Verh\u00e4ngnis abgewendet werden kann. <\/em><\/p>\n<p><strong>Szenario 2 &#8211; Bringt mir den Feyenstab!<\/strong><br \/>\nSL: Adjana<\/p>\n<p><em>Ihre Hoheit F\u00fcrstin Donja Merides de Lambargi und Regentin von Vigales beauftragt handverlesene Spezialisten, dir bereits das Vertauen der F\u00fcrstin genie\u00dfen, den entwendeten Feyenstab ausfindig zu machen. Besagter Dienstahl einer Person in der Gestalt des F\u00fcrsten war der Anlass f\u00fcr die Verw\u00fcnschungen \u00fcber das Haus Lambargi. Es gilt herauszufinden, wer ein Interesse an dem Stab gehabt haben k\u00f6nnte und zugleich in der Lage war, dem F\u00fcrsten die Schuld zu zuschieben. Und wer k\u00f6nnte es vollbringen, zugleich eine so m\u00e4chtige Zauberin wie die Fey Lysmildine zu t\u00e4uschen? Der Feyenstab ist der F\u00fcrstin pers\u00f6nlich zu \u00fcberbringen. In der Folge sind im Namen der F\u00fcrstin Verhandlungen mit der Fey Lysmildine von Bromme, Herrin von Castello Oblivones, aufzunehmen, um M\u00f6glichkeiten zu er\u00f6rtern, wie die Verw\u00fcnschungen von den Lieben der F\u00fcrstin abgewendet werden k\u00f6nnen.<\/em><\/p>\n<p><strong>Szenario 3 &#8211; Un Poce de paz (Ein bisschen Frieden)<\/strong><br \/>\nSL: Chich\u00e9n<\/p>\n<p><em>Die wichtige Depesche war verschlossen, magisch gesichert und deutlich mit dem Gro\u00dfsiegel des Grande von Bivarra, Seine Hoheit Don Baltassare Eosebio de Wegardes II. versehen. Zusammen mit je einem pers\u00f6nlichen Geschenk f\u00fcr die F\u00fcrstin Donja Merides de Lambargi und Prinzessin Donja Barbelica de Lambargi befand sie sich in einer gut gesicherten Botschafterkiste. Doch diese Zeichen des Friedens wurden durch feige Soldlinge und Kriesgtreiber geraubt! An euch liegt es nun, die \u00dcbelt\u00e4ter und ihre Hinterm\u00e4nner zu finden, dingfest zu machen und die Kiste wieder der Edeldame Donja Alchira, Sonderbotschafterin des Granden von Bivarra, zu \u00fcbergeben. Ist dein Arm kr\u00e4ftig, dein Wille stark genug, um dem F\u00fcrstentum Vigales vielleicht ein bisschen Frieden zu bringen?<\/em><\/p>\n<p><strong>Szenario 4 &#8211; Bluttage in Dargirna<\/strong><br \/>\nSL: Tomcat<\/p>\n<p><em>Das Volk ist beunruhigt. Das Kriegsrecht wurde von der F\u00fcrstin und Regentin ausgerufen. Ganze Heerscharen lagern vor den Toren Dargirnas &#8211; aber warum? Der wahre F\u00fcrst und Glaubensh\u00fcter, Alberigo de Lambargi, liegt noch immer krank darnieder, die F\u00fcrstin und der ihr nur zu willige Kronrat herrschen selbstgerecht, viele Fremde sind in der Stadt, Ungeheuer sollen sich im Walde tummeln, Schariden scheinen das Land zu Wasser, zu Lande und zur Luft auszukundschaften und der Mysterienkult gewinnt immer mehr Anh\u00e4nger &#8211; aber warum?<\/p>\n<p>Nun suchen suchen edle Herrschaften nach sich verschwiegen gebenden Gestalten, wie Du es bist. F\u00fcr eine scharfe Klinge, einen spitzen Dolch, eine flinke Hand und etwas politisches Einf\u00fchlungsverm\u00f6gen, selbstredend bei moralischer Flexibilit\u00e4t, wird hier mit reichlich barer M\u00fcnze gezahlt. Und seien wir ehrlich, genau deswegen bist Du hier. Nat\u00fcrlich ist da noch der Reiz des scheinbar Unl\u00f6sbaren, dieses Kribbeln im Nacken bei echten Herausforderungen. Nun gut, im Gasthof \u201eVerlorene Narren\u201c zu Dargirna sollst Du Dich mit den Anderen treffen, so wurde es Dir gesagt.<\/em><\/p>\n<p><strong>Szenario 5 &#8211; F\u00fcr Barbelica in den Tod&#8230;<\/strong><br \/>\nSL: N.N (ggf. Wiszang)<\/p>\n<p><em>&#8230; von wegen! In Zeiten wie diesen mag es viel im F\u00fcrstentum Vigales zu holen geben. Not und Bedr\u00e4ngnis sind gut f\u00fcr die Geldkatzen der Gierigen. Ein Land unter Kriegsrecht und die Heerschau vor den Toren der Stadt, bei einer zerstrittenen Adelsschaft, mag genau die zwielichtigen Gestalten anlocken, die niemand in seiner N\u00e4he haben will. Und f\u00fcr gew\u00f6hnlich suchen hier in der Stadt Dargirna in solchen Zeiten die \u00fcblichen h\u00f6fischen Speichellecker sogenante Spezialisten, die f\u00fcr sie und ihre Begehrlichkeiten die Drecksarbeit zu erledigen haben.<\/p>\n<p>Dich aber hat eine energisch auftretende Hofdame namens Annora auf ein Gespr\u00e4ch gebeten. So genau wei\u00dft Du nicht, um was es gehen soll, aber es fiel der Name Esquada Bianca oder auch albische Garde, die Deiner Unterst\u00fctzung bed\u00fcrfte &#8211; und da Dir reichlich Gold (wieviel eigentlich noch Mal?) in Aussicht gestellt wurde, hast Du einfach &#8222;Ja!&#8220; gesagt.<\/em><\/p>\n<p><em><strong>Was ist sonst noch wichtig?<\/strong><\/em><\/p>\n<p>(1) Gesucht werden Figuren am besten im Grad 4-9. Die Gradangabe ist von uns diesmal nicht nur eine grobe Empfehlung. Figuren unter Grad 4 k\u00f6nnten durchaus erhebliche Probleme bekommen. Wenn jemand die Hausforderung sucht, dennoch eine Spielerfigur von Grad 2 oder 3 zu f\u00fchren, dann mag er \/ sie das gerne auf eigene Gefahr hin tun, aber wir haben euch gewarnt. \u00c4hnliches gilt auch f\u00fcr Figuren von Grad 10; dar\u00fcber ist es allerdings wenig zielf\u00fchrend.<\/p>\n<p>Sende uns bitte mit der Anmeldung deinen Namen und Forennick (so vorhanden), die Werte deiner Spielerfigur und eine Hintergrundbeschreibung der Figur. Falls du neu in Vigales sein solltest, \u00fcberlege dir dazu gleich mit, warum es deine Figur in das F\u00fcrstentum Vigales verschlagen haben k\u00f6nnte und \u00fcbermittle uns dies bitte als Teil der Hintergrundbeschreibung deiner Figur.<\/p>\n<p>Sonst teile uns nur kurz mit, bei wem du das vorhergehende Ereignis <em>Das R\u00e4tsel des Witwenriffs<\/em> (Breuberg-Con 13) gespielt hast, falls du mit der gleichen Figur wie damals spielen m\u00f6chtest; entsprechendes gilt auch f\u00fcr Spieler, die mit einer Figur starten wollen, die bereits an anderes Ereignis der MidgardCon-Saga gespielt hat.<\/p>\n<p>Du kannst gerne auch angeben, welchen der f\u00fcnf Abenteuer-Aufh\u00e4nger du am liebsten angehen m\u00f6chtest; wenn dir das egal ist, musst du dazu aber nichts mitteilen.<\/p>\n<p>(2) Wer mag, darf auch gerne mit von uns gestellten Spielerfiguren &#8211; durchaus von Einfluss in der Region &#8211; spielen, die dann im sozialen Gef\u00fcge von Vigales fest verwurzelt sind und eine entsprechende Hintergrundgeschichte aufweisen. Bitte beachten: Eine solche Rolle auszuf\u00fcllen, erfordert ein gewisses Hineinversetzen in die Figur, kann aber eine besondere Herausforderung f\u00fcr dich darstellen!<\/p>\n<p>Diese Spielerfiguren (oder bei denen, die sich schnell gemeldet haben, auch eine Auswahlliste an Figuren) senden wir im Vorfeld an diejenigen per Mail zu, die sich daf\u00fcr gemeldet haben, damit sie gen\u00fcgend Zeit haben, sich mit der Figur vertraut zu machen. Umschreibe uns dazu bitte kurz, was f\u00fcr eine Rolle du gerne einnehmen m\u00f6chtest; in gewisser Weise k\u00f6nnen wir so die vorgefertigten Figuren an Spielerw\u00fcnsche anpassen.<\/p>\n<p><em><strong>Wie kann ich mich <span style=\"color: #ff0000;\">anmelden<\/span>?<\/strong><\/em><\/p>\n<p>Wenn du also Lust versp\u00fcrst, deine Spielfigur in die Waagschale der Ereignisse in Vigales zu werfen und aus verschiedenen Blickwinkeln und durch mehrere Gruppen bereits bist, der Sache auf den Grund zu gehen, denn melde dich f\u00fcr die MidgardCon-Saga und das Spielereignis <em>Die Heerschau zu Dargirna<\/em> an! Extra f\u00fcr die Anmeldung haben wir eine Mailadresse eingerichtet: <a href=\"mailto:midgardconsaga@gmail.com\">midgardconsaga@gmail.com<\/a> .<\/p>\n<p>Anmeldungen bitte nur an diese Adresse richten! Bei der Anmeldung vergiss bitte nicht, mit anzugeben, ob du mit einer eigenen Figur spielen m\u00f6chtest (1), oder bereits bist, eine vorgefertigte Figur zu \u00fcbernehmen (2).<\/p>\n","protected":false},"excerpt":{"rendered":"<p>&#8211; Ank\u00fcndigung &#8211; Wir sind wieder da! Mit dem Ereignis Die Heerschau zu Dargirna wird die MidgardCon-Saga auf dem S\u00fcdCon 2013 abermals in eine neue Runde gehen! Das Ereignis Die Heerschau zu Dargirna startet in der 1. Trideade des Feenmonds &hellip; <a href=\"https:\/\/www.suedcon.de\/wordpress\/veranstaltung\/special-event\/die-midgard-con-saga\/\">Weiterlesen <span class=\"meta-nav\">&rarr;<\/span><\/a><\/p>\n","protected":false},"author":1,"featured_media":0,"parent":50,"menu_order":0,"comment_status":"closed","ping_status":"open","template":"","meta":[],"_links":{"self":[{"href":"https:\/\/www.suedcon.de\/wordpress\/wp-json\/wp\/v2\/pages\/211"}],"collection":[{"href":"https:\/\/www.suedcon.de\/wordpress\/wp-json\/wp\/v2\/pages"}],"about":[{"href":"https:\/\/www.suedcon.de\/wordpress\/wp-json\/wp\/v2\/types\/page"}],"author":[{"embeddable":true,"href":"https:\/\/www.suedcon.de\/wordpress\/wp-json\/wp\/v2\/users\/1"}],"replies":[{"embeddable":true,"href":"https:\/\/www.suedcon.de\/wordpress\/wp-json\/wp\/v2\/comments?post=211"}],"version-history":[{"count":5,"href":"https:\/\/www.suedcon.de\/wordpress\/wp-json\/wp\/v2\/pages\/211\/revisions"}],"predecessor-version":[{"id":315,"href":"https:\/\/www.suedcon.de\/wordpress\/wp-json\/wp\/v2\/pages\/211\/revisions\/315"}],"up":[{"embeddable":true,"href":"https:\/\/www.suedcon.de\/wordpress\/wp-json\/wp\/v2\/pages\/50"}],"wp:attachment":[{"href":"https:\/\/www.suedcon.de\/wordpress\/wp-json\/wp\/v2\/media?parent=211"}],"curies":[{"name":"wp","href":"https:\/\/api.w.org\/{rel}","templated":true}]}}