{"id":239,"date":"2013-09-12T14:59:05","date_gmt":"2013-09-12T12:59:05","guid":{"rendered":"http:\/\/www.suedcon.de\/wordpress\/?page_id=239"},"modified":"2013-09-12T15:02:41","modified_gmt":"2013-09-12T13:02:41","slug":"eindrucke-vom-sudcon-2012","status":"publish","type":"page","link":"https:\/\/www.suedcon.de\/wordpress\/veranstaltung\/eindrucke-vom-sudcon-2012\/","title":{"rendered":"Eindr\u00fccke vom S\u00fcdcon 2012"},"content":{"rendered":"<p><a href=\"http:\/\/www.suedcon.de\/wordpress\/wp-content\/uploads\/2011\/05\/scbanner.jpg\"><img decoding=\"async\" loading=\"lazy\" class=\"aligncenter size-full wp-image-63\" title=\"scbanner\" src=\"http:\/\/www.suedcon.de\/wordpress\/wp-content\/uploads\/2011\/05\/scbanner.jpg\" alt=\"\" width=\"468\" height=\"60\" srcset=\"https:\/\/www.suedcon.de\/wordpress\/wp-content\/uploads\/2011\/05\/scbanner.jpg 468w, https:\/\/www.suedcon.de\/wordpress\/wp-content\/uploads\/2011\/05\/scbanner-300x38.jpg 300w\" sizes=\"(max-width: 468px) 100vw, 468px\" \/><\/a><\/p>\n<p><center><strong>Der Midgard S\u00fcdCon &#8211; ein Winterm\u00e4rchen<\/strong><\/center><\/p>\n<p>Der 12. Midgard S\u00fcdcon ist vorbei! In einem winterlichen Rahmen feierten wir auf der ausgebuchten Burg Wildenstein ein wahres Winterm\u00e4rchen. Zur kleinen Erinnerung und als Einstimmung auf n\u00e4chstes Jahr &#8211; wir haben wieder reichlich Schnee geordert &#8211; ein paar Bilder vom letzten Con:<\/p>\n<p><a href=\"http:\/\/www.suedcon.de\/wordpress\/wp-content\/uploads\/2013\/06\/DSC00231.jpg\"><img decoding=\"async\" loading=\"lazy\" src=\"http:\/\/www.suedcon.de\/wordpress\/wp-content\/uploads\/2013\/06\/DSC00231-1024x682.jpg\" alt=\"Midgard S\u00fcdcon - ein Winterm\u00e4rchen\" title=\"Midgard S\u00fcdcon - Burghof mit Lagerfeuer\" width=\"584\" height=\"388\" class=\"aligncenter size-large wp-image-227\" srcset=\"https:\/\/www.suedcon.de\/wordpress\/wp-content\/uploads\/2013\/06\/DSC00231-1024x682.jpg 1024w, https:\/\/www.suedcon.de\/wordpress\/wp-content\/uploads\/2013\/06\/DSC00231-300x200.jpg 300w, https:\/\/www.suedcon.de\/wordpress\/wp-content\/uploads\/2013\/06\/DSC00231-450x300.jpg 450w, https:\/\/www.suedcon.de\/wordpress\/wp-content\/uploads\/2013\/06\/DSC00231.jpg 1500w\" sizes=\"(max-width: 584px) 100vw, 584px\" \/><\/a><\/p>\n<p><a href=\"http:\/\/www.suedcon.de\/wordpress\/wp-content\/uploads\/2013\/06\/DSC00067.jpg\"><img decoding=\"async\" loading=\"lazy\" src=\"http:\/\/www.suedcon.de\/wordpress\/wp-content\/uploads\/2013\/06\/DSC00067-1024x682.jpg\" alt=\"Midgard S\u00fcdcon - ein Winterm\u00e4rchen\" title=\"Midgard S\u00fcdcon - Haupthaus\" width=\"584\" height=\"388\" class=\"aligncenter size-large wp-image-228\" srcset=\"https:\/\/www.suedcon.de\/wordpress\/wp-content\/uploads\/2013\/06\/DSC00067-1024x682.jpg 1024w, https:\/\/www.suedcon.de\/wordpress\/wp-content\/uploads\/2013\/06\/DSC00067-300x200.jpg 300w, https:\/\/www.suedcon.de\/wordpress\/wp-content\/uploads\/2013\/06\/DSC00067-450x300.jpg 450w, https:\/\/www.suedcon.de\/wordpress\/wp-content\/uploads\/2013\/06\/DSC00067.jpg 1500w\" sizes=\"(max-width: 584px) 100vw, 584px\" \/><\/a><\/p>\n<p><a href=\"http:\/\/www.suedcon.de\/wordpress\/wp-content\/uploads\/2013\/06\/DSC00068.jpg\"><img decoding=\"async\" loading=\"lazy\" src=\"http:\/\/www.suedcon.de\/wordpress\/wp-content\/uploads\/2013\/06\/DSC00068-1024x682.jpg\" alt=\"Midgard S\u00fcdcon - ein Winterm\u00e4rchen\" title=\"Midgard S\u00fcdcon - schneebedeckter Burggraben\" width=\"584\" height=\"388\" class=\"aligncenter size-large wp-image-229\" srcset=\"https:\/\/www.suedcon.de\/wordpress\/wp-content\/uploads\/2013\/06\/DSC00068-1024x682.jpg 1024w, https:\/\/www.suedcon.de\/wordpress\/wp-content\/uploads\/2013\/06\/DSC00068-300x200.jpg 300w, https:\/\/www.suedcon.de\/wordpress\/wp-content\/uploads\/2013\/06\/DSC00068-450x300.jpg 450w, https:\/\/www.suedcon.de\/wordpress\/wp-content\/uploads\/2013\/06\/DSC00068.jpg 1500w\" sizes=\"(max-width: 584px) 100vw, 584px\" \/><\/a><\/p>\n<p><a href=\"http:\/\/www.suedcon.de\/wordpress\/wp-content\/uploads\/2013\/06\/DSC00051.jpg\"><img decoding=\"async\" loading=\"lazy\" src=\"http:\/\/www.suedcon.de\/wordpress\/wp-content\/uploads\/2013\/06\/DSC00051-1024x682.jpg\" alt=\"Midgard S\u00fcdcon - ein Winterm\u00e4rchen\" title=\"Midgard S\u00fcdcon - schneebedeckter Burghof\" width=\"584\" height=\"388\" class=\"aligncenter size-large wp-image-226\" srcset=\"https:\/\/www.suedcon.de\/wordpress\/wp-content\/uploads\/2013\/06\/DSC00051-1024x682.jpg 1024w, https:\/\/www.suedcon.de\/wordpress\/wp-content\/uploads\/2013\/06\/DSC00051-300x200.jpg 300w, https:\/\/www.suedcon.de\/wordpress\/wp-content\/uploads\/2013\/06\/DSC00051-450x300.jpg 450w, https:\/\/www.suedcon.de\/wordpress\/wp-content\/uploads\/2013\/06\/DSC00051.jpg 1500w\" sizes=\"(max-width: 584px) 100vw, 584px\" \/><\/a><\/p>\n<p><a href=\"http:\/\/www.suedcon.de\/wordpress\/wp-content\/uploads\/2013\/06\/DSC00069.jpg\"><img decoding=\"async\" loading=\"lazy\" src=\"http:\/\/www.suedcon.de\/wordpress\/wp-content\/uploads\/2013\/06\/DSC00069-1024x682.jpg\" alt=\"Midgard S\u00fcdcon - ein Winterm\u00e4rchen\" title=\"Midgard S\u00fcdcon - Burg im Schnee\" width=\"584\" height=\"388\" class=\"aligncenter size-large wp-image-230\" srcset=\"https:\/\/www.suedcon.de\/wordpress\/wp-content\/uploads\/2013\/06\/DSC00069-1024x682.jpg 1024w, https:\/\/www.suedcon.de\/wordpress\/wp-content\/uploads\/2013\/06\/DSC00069-300x200.jpg 300w, https:\/\/www.suedcon.de\/wordpress\/wp-content\/uploads\/2013\/06\/DSC00069-450x300.jpg 450w, https:\/\/www.suedcon.de\/wordpress\/wp-content\/uploads\/2013\/06\/DSC00069.jpg 1500w\" sizes=\"(max-width: 584px) 100vw, 584px\" \/><\/a><\/p>\n<p><a href=\"http:\/\/www.suedcon.de\/wordpress\/wp-content\/uploads\/2013\/06\/DSC00071.jpg\"><img decoding=\"async\" loading=\"lazy\" src=\"http:\/\/www.suedcon.de\/wordpress\/wp-content\/uploads\/2013\/06\/DSC00071-1024x682.jpg\" alt=\"Midgard S\u00fcdcon - ein Winterm\u00e4rchen\" title=\"Midgard S\u00fcdcon - winterliche Br\u00fccke\" width=\"584\" height=\"388\" class=\"aligncenter size-large wp-image-231\" srcset=\"https:\/\/www.suedcon.de\/wordpress\/wp-content\/uploads\/2013\/06\/DSC00071-1024x682.jpg 1024w, https:\/\/www.suedcon.de\/wordpress\/wp-content\/uploads\/2013\/06\/DSC00071-300x200.jpg 300w, https:\/\/www.suedcon.de\/wordpress\/wp-content\/uploads\/2013\/06\/DSC00071-450x300.jpg 450w, https:\/\/www.suedcon.de\/wordpress\/wp-content\/uploads\/2013\/06\/DSC00071.jpg 1500w\" sizes=\"(max-width: 584px) 100vw, 584px\" \/><\/a><\/p>\n<p><a href=\"http:\/\/www.suedcon.de\/wordpress\/wp-content\/uploads\/2013\/06\/DSC00179.jpg\"><img decoding=\"async\" loading=\"lazy\" src=\"http:\/\/www.suedcon.de\/wordpress\/wp-content\/uploads\/2013\/06\/DSC00179-1024x683.jpg\" alt=\"Midgard S\u00fcdcon - ein Winterm\u00e4rchen\" title=\"Midgard S\u00fcdcon - schneegezuckerte D\u00e4cher\" width=\"584\" height=\"389\" class=\"aligncenter size-large wp-image-233\" srcset=\"https:\/\/www.suedcon.de\/wordpress\/wp-content\/uploads\/2013\/06\/DSC00179-1024x683.jpg 1024w, https:\/\/www.suedcon.de\/wordpress\/wp-content\/uploads\/2013\/06\/DSC00179-300x200.jpg 300w, https:\/\/www.suedcon.de\/wordpress\/wp-content\/uploads\/2013\/06\/DSC00179-449x300.jpg 449w, https:\/\/www.suedcon.de\/wordpress\/wp-content\/uploads\/2013\/06\/DSC00179.jpg 1574w\" sizes=\"(max-width: 584px) 100vw, 584px\" \/><\/a><\/p>\n<p><a href=\"http:\/\/www.suedcon.de\/wordpress\/wp-content\/uploads\/2013\/06\/DSC00162.jpg\"><img decoding=\"async\" loading=\"lazy\" src=\"http:\/\/www.suedcon.de\/wordpress\/wp-content\/uploads\/2013\/06\/DSC00162-1024x682.jpg\" alt=\"Midgard S\u00fcdcon - ein Winterm\u00e4rchen\" title=\"Midgard S\u00fcdcon - Blick in den Burggraben\" width=\"584\" height=\"388\" class=\"aligncenter size-large wp-image-232\" srcset=\"https:\/\/www.suedcon.de\/wordpress\/wp-content\/uploads\/2013\/06\/DSC00162-1024x682.jpg 1024w, https:\/\/www.suedcon.de\/wordpress\/wp-content\/uploads\/2013\/06\/DSC00162-300x200.jpg 300w, https:\/\/www.suedcon.de\/wordpress\/wp-content\/uploads\/2013\/06\/DSC00162-450x300.jpg 450w, https:\/\/www.suedcon.de\/wordpress\/wp-content\/uploads\/2013\/06\/DSC00162.jpg 1500w\" sizes=\"(max-width: 584px) 100vw, 584px\" \/><\/a><\/p>\n","protected":false},"excerpt":{"rendered":"<p>Der Midgard S\u00fcdCon &#8211; ein Winterm\u00e4rchen Der 12. Midgard S\u00fcdcon ist vorbei! In einem winterlichen Rahmen feierten wir auf der ausgebuchten Burg Wildenstein ein wahres Winterm\u00e4rchen. Zur kleinen Erinnerung und als Einstimmung auf n\u00e4chstes Jahr &#8211; wir haben wieder reichlich &hellip; <a href=\"https:\/\/www.suedcon.de\/wordpress\/veranstaltung\/eindrucke-vom-sudcon-2012\/\">Weiterlesen <span class=\"meta-nav\">&rarr;<\/span><\/a><\/p>\n","protected":false},"author":1,"featured_media":0,"parent":26,"menu_order":5,"comment_status":"closed","ping_status":"open","template":"","meta":[],"_links":{"self":[{"href":"https:\/\/www.suedcon.de\/wordpress\/wp-json\/wp\/v2\/pages\/239"}],"collection":[{"href":"https:\/\/www.suedcon.de\/wordpress\/wp-json\/wp\/v2\/pages"}],"about":[{"href":"https:\/\/www.suedcon.de\/wordpress\/wp-json\/wp\/v2\/types\/page"}],"author":[{"embeddable":true,"href":"https:\/\/www.suedcon.de\/wordpress\/wp-json\/wp\/v2\/users\/1"}],"replies":[{"embeddable":true,"href":"https:\/\/www.suedcon.de\/wordpress\/wp-json\/wp\/v2\/comments?post=239"}],"version-history":[{"count":4,"href":"https:\/\/www.suedcon.de\/wordpress\/wp-json\/wp\/v2\/pages\/239\/revisions"}],"predecessor-version":[{"id":244,"href":"https:\/\/www.suedcon.de\/wordpress\/wp-json\/wp\/v2\/pages\/239\/revisions\/244"}],"up":[{"embeddable":true,"href":"https:\/\/www.suedcon.de\/wordpress\/wp-json\/wp\/v2\/pages\/26"}],"wp:attachment":[{"href":"https:\/\/www.suedcon.de\/wordpress\/wp-json\/wp\/v2\/media?parent=239"}],"curies":[{"name":"wp","href":"https:\/\/api.w.org\/{rel}","templated":true}]}}