{"id":26,"date":"2011-05-31T17:57:50","date_gmt":"2011-05-31T15:57:50","guid":{"rendered":"http:\/\/www.suedcon.de\/wordpress\/?page_id=26"},"modified":"2025-09-14T12:34:12","modified_gmt":"2025-09-14T10:34:12","slug":"veranstaltung","status":"publish","type":"page","link":"https:\/\/www.suedcon.de\/wordpress\/veranstaltung\/","title":{"rendered":"Veranstaltung"},"content":{"rendered":"<div id=\"post-15\">\n<p><img decoding=\"async\" loading=\"lazy\" class=\"alignleft size-full wp-image-63\" title=\"scbanner\" src=\"http:\/\/www.suedcon.de\/wordpress\/wp-content\/uploads\/2011\/05\/scbanner.jpg\" alt=\"Banner S\u00fcdcon\" width=\"468\" height=\"60\" srcset=\"https:\/\/www.suedcon.de\/wordpress\/wp-content\/uploads\/2011\/05\/scbanner.jpg 468w, https:\/\/www.suedcon.de\/wordpress\/wp-content\/uploads\/2011\/05\/scbanner-300x38.jpg 300w\" sizes=\"(max-width: 468px) 100vw, 468px\" \/><\/p>\n<h2>Herzlich Willkommen zum S\u00fcdCon, dem gro\u00dfen Midgard-Con auf<br \/>\nBurg Wildenstein im malerischen Donautal.<\/h2>\n<div>\n<p>Jedes Jahr im November treffen sich hier bis zu 120 spielbegeisterte Midgard-Spieler, um im einzigartigen Ambiente einer Burg ihrem Hobby zu fr\u00f6nen.<\/p>\n<p>Midgard ist das \u00e4lteste deutsche Pen &amp; Paper-Rollenpiel und \u00fcberzeugt durch eine ausgewogene Mischung aus Realismus und Fantasy. Vor allem die liebevoll bis in kleinste Details gestaltete Welt MIDGARDS begeistert bis heute viele Rollenspieler, die auch auf eine faszinierende Story wert legen.<\/p>\n<p>Neben der allseits beliebten <strong>Taverne<\/strong> &#8222;<em>Anderswelt<\/em>&#8222;, die \u00fcber 4 (2025: 5) Tage hinweg neben verschiedenen Spielrunden auch immer Anlaufpunkt zum geselligen Beisammensein und Schwampfen ist, bieten die \u00fcber die ganze Burg verteilten Spielr\u00e4ume ausreichend Gelegenheit f\u00fcr fantastische Rollenspielmomente. In der Taverne befindet sich zudem unser <strong>Rollenspielbasar<\/strong>, auf dem man neben den aktuellen Messeneuheiten von der Spielwarenmesse in Essen das komplette Rollenspielsortiment von Midgard und was man sonst noch alles zum Spielen ben\u00f6tigt k\u00e4uflich erwerben kann.<\/p>\n<p>Gro\u00dfen Wert legen wir auf die <strong>kulinarische Rundumbetreuung<\/strong> unserer G\u00e4ste. Neben der von der Jugendherberge angebotenen Vollpension (Brunch und Abendessen) kann der hungrige Magen jederzeit mit unserem leckeren Eintopf ges\u00e4ttigt werden, da bekommt der Begriff &#8222;<em>billiger Eintopf mit Brot<\/em>&#8220; eine ganz neue Bedeutung. In der Taverne gibt es zus\u00e4tzlich noch jede Menge Knabberkram und die verschiedensten Arten der fl\u00fcssigen Nahrung.<\/p>\n<p>Alle weiteren Informationen kurz zusammengefasst:<\/p>\n<ul>\n<li>Die <strong>Anreise<\/strong> kann am Donnerstag ab 15 Uhr erfolgen, am Freitag ist die Anreise ganzt\u00e4gig m\u00f6glich.<br \/>\n<em>Zum Jubil\u00e4umscon 2025 ist die Anreise Mittwoch ab 15 Uhr m\u00f6glich, Donnerstag und Freitag ganzt\u00e4gig.<\/em><\/li>\n<li>Gegen 18 Uhr findet am Donnerstag bzw. Freitag die offizielle <strong>Begr\u00fc\u00dfung<\/strong> im Burghof statt, <em>beim Jubil\u00e4umscon 2025 evtl. auch schon am Mittwoch.<\/em><\/li>\n<li>Fragen bez\u00fcglich des Ablaufes und sonstige Dinge beantworten unsere Info-Aush\u00e4nge gleich am Eingang in der Taverne sowie rund um die Uhr die Orga-Mitglieder.<\/li>\n<li>Die <strong>Verabschiedung<\/strong> inklusive Verteilung der Spielleitergeschenke findet am Sonntag nach dem Mittagessen im Burghof statt.<\/li>\n<li>Die <strong>Abreise<\/strong> ist am Sonntag. Die R\u00e4ume m\u00fcssen bis 10 Uhr ger\u00e4umt sein, das Gep\u00e4ck kann solange deponiert werden. Ihr k\u00f6nnt bis 15 Uhr spielen.<\/li>\n<li>Das <strong>Bettzeug<\/strong> wird von der Jugendherberge gestellt, Abholung und R\u00fcckgabe im Burghof beim Aufzug.<\/li>\n<\/ul>\n<\/div>\n<\/div>\n","protected":false},"excerpt":{"rendered":"<p>Herzlich Willkommen zum S\u00fcdCon, dem gro\u00dfen Midgard-Con auf Burg Wildenstein im malerischen Donautal. Jedes Jahr im November treffen sich hier bis zu 120 spielbegeisterte Midgard-Spieler, um im einzigartigen Ambiente einer Burg ihrem Hobby zu fr\u00f6nen. Midgard ist das \u00e4lteste deutsche &hellip; <a href=\"https:\/\/www.suedcon.de\/wordpress\/veranstaltung\/\">Weiterlesen <span class=\"meta-nav\">&rarr;<\/span><\/a><\/p>\n","protected":false},"author":1,"featured_media":0,"parent":0,"menu_order":3,"comment_status":"closed","ping_status":"open","template":"","meta":[],"_links":{"self":[{"href":"https:\/\/www.suedcon.de\/wordpress\/wp-json\/wp\/v2\/pages\/26"}],"collection":[{"href":"https:\/\/www.suedcon.de\/wordpress\/wp-json\/wp\/v2\/pages"}],"about":[{"href":"https:\/\/www.suedcon.de\/wordpress\/wp-json\/wp\/v2\/types\/page"}],"author":[{"embeddable":true,"href":"https:\/\/www.suedcon.de\/wordpress\/wp-json\/wp\/v2\/users\/1"}],"replies":[{"embeddable":true,"href":"https:\/\/www.suedcon.de\/wordpress\/wp-json\/wp\/v2\/comments?post=26"}],"version-history":[{"count":12,"href":"https:\/\/www.suedcon.de\/wordpress\/wp-json\/wp\/v2\/pages\/26\/revisions"}],"predecessor-version":[{"id":1232,"href":"https:\/\/www.suedcon.de\/wordpress\/wp-json\/wp\/v2\/pages\/26\/revisions\/1232"}],"wp:attachment":[{"href":"https:\/\/www.suedcon.de\/wordpress\/wp-json\/wp\/v2\/media?parent=26"}],"curies":[{"name":"wp","href":"https:\/\/api.w.org\/{rel}","templated":true}]}}