{"id":33,"date":"2011-05-31T18:03:31","date_gmt":"2011-05-31T16:03:31","guid":{"rendered":"http:\/\/www.suedcon.de\/wordpress\/?page_id=33"},"modified":"2022-08-09T14:20:43","modified_gmt":"2022-08-09T12:20:43","slug":"anmeldung","status":"publish","type":"page","link":"https:\/\/www.suedcon.de\/wordpress\/veranstaltung\/anmeldung\/","title":{"rendered":"Anmeldeformular"},"content":{"rendered":"<div role=\"form\" class=\"wpcf7\" id=\"wpcf7-f812-o1\" lang=\"de-DE\" dir=\"ltr\">\n<div class=\"screen-reader-response\"><\/div>\n<form action=\"\/wordpress\/wp-json\/wp\/v2\/pages\/33#wpcf7-f812-o1\" method=\"post\" class=\"wpcf7-form wpcf7-acceptance-as-validation\" novalidate=\"novalidate\">\n<div style=\"display: none;\">\n<input type=\"hidden\" name=\"_wpcf7\" value=\"812\" \/>\n<input type=\"hidden\" name=\"_wpcf7_version\" value=\"5.0.3\" \/>\n<input type=\"hidden\" name=\"_wpcf7_locale\" value=\"de_DE\" \/>\n<input type=\"hidden\" name=\"_wpcf7_unit_tag\" value=\"wpcf7-f812-o1\" \/>\n<input type=\"hidden\" name=\"_wpcf7_container_post\" value=\"0\" \/>\n<\/div>\n<p><label> Dein Name (Pflichtfeld)<br \/>\n    <span class=\"wpcf7-form-control-wrap your-name\"><input type=\"text\" name=\"your-name\" value=\"\" size=\"40\" class=\"wpcf7-form-control wpcf7-text wpcf7-validates-as-required\" aria-required=\"true\" aria-invalid=\"false\" \/><\/span> <\/label><\/p>\n<p><label> Deine E-Mail-Adresse (Pflichtfeld)<br \/>\n    <span class=\"wpcf7-form-control-wrap your-email\"><input type=\"email\" name=\"your-email\" value=\"\" size=\"40\" class=\"wpcf7-form-control wpcf7-text wpcf7-email wpcf7-validates-as-required wpcf7-validates-as-email\" aria-required=\"true\" aria-invalid=\"false\" \/><\/span> <\/label><\/p>\n<p><label> Stra\u00dfe, Hausnummer (Pflichtfeld)<br \/>\n<span class=\"wpcf7-form-control-wrap StraeHausnummer\"><input type=\"text\" name=\"StraeHausnummer\" value=\"\" size=\"40\" class=\"wpcf7-form-control wpcf7-text wpcf7-validates-as-required\" aria-required=\"true\" aria-invalid=\"false\" \/><\/span> <\/label><\/p>\n<p><label> PLZ, Ort (Pflichtfeld)<br \/>\n<span class=\"wpcf7-form-control-wrap PLZOrt\"><input type=\"text\" name=\"PLZOrt\" value=\"\" size=\"40\" class=\"wpcf7-form-control wpcf7-text wpcf7-validates-as-required\" aria-required=\"true\" aria-invalid=\"false\" \/><\/span> <\/label><\/p>\n<p><label> Telefonnummer (Pflichtfeld)<br \/>\n<span class=\"wpcf7-form-control-wrap Telefonnummer\"><input type=\"tel\" name=\"Telefonnummer\" value=\"\" size=\"40\" class=\"wpcf7-form-control wpcf7-text wpcf7-tel wpcf7-validates-as-required wpcf7-validates-as-tel\" aria-required=\"true\" aria-invalid=\"false\" \/><\/span> <\/label><\/p>\n<p><label> Geburtsdatum (Pflichtfeld)<br \/>\n<span class=\"wpcf7-form-control-wrap Geburtsdatum\"><input type=\"text\" name=\"Geburtsdatum\" value=\"\" size=\"40\" class=\"wpcf7-form-control wpcf7-text wpcf7-validates-as-required\" aria-required=\"true\" aria-invalid=\"false\" \/><\/span> <\/label><\/p>\n<p><label> Teilnahmebetrag (Pflichtfeld)<br \/>\n<span class=\"wpcf7-form-control-wrap Teilnahmebetrag\"><select name=\"Teilnahmebetrag\" class=\"wpcf7-form-control wpcf7-select wpcf7-validates-as-required\" aria-required=\"true\" aria-invalid=\"false\"><option value=\"260 Euro f\u00fcr vier \u00dcbernachtungen mit Vollpension (Anreise Mittwoch)\">260 Euro f\u00fcr vier \u00dcbernachtungen mit Vollpension (Anreise Mittwoch)<\/option><option value=\"205 Euro f\u00fcr drei \u00dcbernachtungen mit Vollpension (Anreise Donnerstag)\">205 Euro f\u00fcr drei \u00dcbernachtungen mit Vollpension (Anreise Donnerstag)<\/option><option value=\"150 Euro f\u00fcr zwei \u00dcbernachtungen mit Vollpension (ab Freitag)\">150 Euro f\u00fcr zwei \u00dcbernachtungen mit Vollpension (ab Freitag)<\/option><option value=\"240 Euro f\u00fcr vier \u00dcbernachtungen mit Vollpension als Sch\u00fcler oder Student (Anreise Mittwoch)\">240 Euro f\u00fcr vier \u00dcbernachtungen mit Vollpension als Sch\u00fcler oder Student (Anreise Mittwoch)<\/option><option value=\"185 Euro f\u00fcr drei \u00dcbernachtungen mit Vollpension als Sch\u00fcler oder Student (Anreise Donnerstag)\">185 Euro f\u00fcr drei \u00dcbernachtungen mit Vollpension als Sch\u00fcler oder Student (Anreise Donnerstag)<\/option><option value=\"130 Euro f\u00fcr zwei \u00dcbernachtungen mit Vollpension als Sch\u00fcler oder Student (ab Freitag)\">130 Euro f\u00fcr zwei \u00dcbernachtungen mit Vollpension als Sch\u00fcler oder Student (ab Freitag)<\/option><option value=\"130 Euro f\u00fcr vier \u00dcbernachtungen mit Vollpension als Jugendlicher zwischen 3 und 14 Jahren (Anreise Mittwoch)\">130 Euro f\u00fcr vier \u00dcbernachtungen mit Vollpension als Jugendlicher zwischen 3 und 14 Jahren (Anreise Mittwoch)<\/option><option value=\"102,50 Euro f\u00fcr drei \u00dcbernachtungen mit Vollpension als Jugendlicher zwischen 3 und 14 Jahren (Anreise Donnerstag)\">102,50 Euro f\u00fcr drei \u00dcbernachtungen mit Vollpension als Jugendlicher zwischen 3 und 14 Jahren (Anreise Donnerstag)<\/option><option value=\"75 Euro f\u00fcr zwei \u00dcbernachtungen mit Vollpension als als Jugendlicher zwischen 3 und 14 Jahren (ab Freitag)\">75 Euro f\u00fcr zwei \u00dcbernachtungen mit Vollpension als als Jugendlicher zwischen 3 und 14 Jahren (ab Freitag)<\/option><\/select><\/span> <\/label><\/p>\n<p><label> Bitte steckt folgende Personen in mein Zimmer (Realnamen angeben!)<br \/>\n    <span class=\"wpcf7-form-control-wrap your-message\"><textarea name=\"your-message\" cols=\"40\" rows=\"10\" class=\"wpcf7-form-control wpcf7-textarea\" aria-invalid=\"false\"><\/textarea><\/span> <\/label><\/p>\n<p><label> Ich w\u00fcnsche eine besondere Ern\u00e4hrung bzw. habe folgende Allergien:<br \/>\n<span class=\"wpcf7-form-control-wrap ErnhrungAllergien\"><textarea name=\"ErnhrungAllergien\" cols=\"40\" rows=\"10\" class=\"wpcf7-form-control wpcf7-textarea\" aria-invalid=\"false\"><\/textarea><\/span> <\/label><\/p>\n<p><label> Ich komme mit dem Zug und ben\u00f6tige einen Lift zur Burg:<br \/>\n<span class=\"wpcf7-form-control-wrap IchkommemitdemZuganundbentigeeinenLiftzurBurg\"><select name=\"IchkommemitdemZuganundbentigeeinenLiftzurBurg\" class=\"wpcf7-form-control wpcf7-select\" aria-invalid=\"false\"><option value=\"Nein\">Nein<\/option><option value=\"Ja\">Ja<\/option><option value=\"vielleicht\">vielleicht<\/option><\/select><\/span> <\/label><\/p>\n<p><label> Forumsnick<br \/>\n<span class=\"wpcf7-form-control-wrap Forumsnick\"><input type=\"text\" name=\"Forumsnick\" value=\"\" size=\"40\" class=\"wpcf7-form-control wpcf7-text\" aria-invalid=\"false\" \/><\/span> <\/label><\/p>\n<p><b>Bitte beachten Sie die folgende Bedingung vor dem Absenden des Formulares:<\/b> Mit dem Absenden des Formulares erkl\u00e4ren Sie sich damit einverstanden, dass Ihre Daten zur Bearbeitung der Anmeldung f\u00fcr den Midgard S\u00fcdcon 2024 von uns gespeichert und verwendet werden. (Weitere Informationen und Widerrufshinweise finden Sie in der <a title=\"Datenschutzerkl\u00e4rung\" href=\"http:\/\/www.suedcon.de\/wordpress\/datenschutz\/\" target=\"_blank\">Datenschutzerkl\u00e4rung<\/a>). <br \/>\n<span class=\"wpcf7-form-control-wrap acceptance-538\"><span class=\"wpcf7-form-control wpcf7-acceptance\"><span class=\"wpcf7-list-item\"><label><input type=\"checkbox\" name=\"acceptance-538\" value=\"1\" aria-invalid=\"false\" \/><span class=\"wpcf7-list-item-label\">&nbsp; Ja, ich bin einverstanden!<\/span><\/label><\/span><\/span><\/span>\n<p><input type=\"submit\" value=\"Anmeldung zum S\u00fcdcon 2025 absenden \u00bb\" class=\"wpcf7-form-control wpcf7-submit btn btn-primary btn-lg\" \/><\/p>\n<div class=\"wpcf7-response-output wpcf7-display-none\"><\/div><\/form><\/div>\n","protected":false},"excerpt":{"rendered":"","protected":false},"author":1,"featured_media":0,"parent":26,"menu_order":0,"comment_status":"closed","ping_status":"open","template":"","meta":[],"_links":{"self":[{"href":"https:\/\/www.suedcon.de\/wordpress\/wp-json\/wp\/v2\/pages\/33"}],"collection":[{"href":"https:\/\/www.suedcon.de\/wordpress\/wp-json\/wp\/v2\/pages"}],"about":[{"href":"https:\/\/www.suedcon.de\/wordpress\/wp-json\/wp\/v2\/types\/page"}],"author":[{"embeddable":true,"href":"https:\/\/www.suedcon.de\/wordpress\/wp-json\/wp\/v2\/users\/1"}],"replies":[{"embeddable":true,"href":"https:\/\/www.suedcon.de\/wordpress\/wp-json\/wp\/v2\/comments?post=33"}],"version-history":[{"count":16,"href":"https:\/\/www.suedcon.de\/wordpress\/wp-json\/wp\/v2\/pages\/33\/revisions"}],"predecessor-version":[{"id":1054,"href":"https:\/\/www.suedcon.de\/wordpress\/wp-json\/wp\/v2\/pages\/33\/revisions\/1054"}],"up":[{"embeddable":true,"href":"https:\/\/www.suedcon.de\/wordpress\/wp-json\/wp\/v2\/pages\/26"}],"wp:attachment":[{"href":"https:\/\/www.suedcon.de\/wordpress\/wp-json\/wp\/v2\/media?parent=33"}],"curies":[{"name":"wp","href":"https:\/\/api.w.org\/{rel}","templated":true}]}}