{"id":36,"date":"2011-06-09T11:10:12","date_gmt":"2011-06-09T09:10:12","guid":{"rendered":"http:\/\/www.suedcon.de\/wordpress\/?page_id=36"},"modified":"2015-11-23T18:07:23","modified_gmt":"2015-11-23T17:07:23","slug":"spielrundenaushang","status":"publish","type":"page","link":"https:\/\/www.suedcon.de\/wordpress\/veranstaltung\/spielrundenaushang\/","title":{"rendered":"Spielrundenaushang"},"content":{"rendered":"<p>Hier findet ihr die Vordrucke f\u00fcr eine Spielrunde als PDF zum downloaden, so dass ihr den Aushang f\u00fcr euer Abenteuer schon bequem zu Hause vorbereiten k\u00f6nnt. Die PDFs sind mit der Formularfunktion erstellt worden und sollten am Rechner beschreibbar sein.<\/p>\n<p><a href='http:\/\/www.suedcon.de\/wordpress\/wp-content\/uploads\/2015\/11\/Rundenaushang-Donnerstag-Gelb-Formular.pdf'>Rundenaushang-Donnerstag-Gelb-Formular<\/a><\/p>\n<p><a href='http:\/\/www.suedcon.de\/wordpress\/wp-content\/uploads\/2015\/11\/Rundenaushang-Freitag-Orange-Formular.pdf'>Rundenaushang-Freitag-Orange-Formular<\/a><\/p>\n<p><a href='http:\/\/www.suedcon.de\/wordpress\/wp-content\/uploads\/2015\/11\/Rundenaushang-Samstag-Gruen-Formular.pdf'>Rundenaushang-Samstag-Gruen-Formular<\/a><\/p>\n<p><a href='http:\/\/www.suedcon.de\/wordpress\/wp-content\/uploads\/2015\/11\/Rundenaushang-Sonntag-Blau-Formular.pdf'>Rundenaushang-Sonntag-Blau-Formular<\/a><\/p>\n","protected":false},"excerpt":{"rendered":"<p>Hier findet ihr die Vordrucke f\u00fcr eine Spielrunde als PDF zum downloaden, so dass ihr den Aushang f\u00fcr euer Abenteuer schon bequem zu Hause vorbereiten k\u00f6nnt. Die PDFs sind mit der Formularfunktion erstellt worden und sollten am Rechner beschreibbar sein. &hellip; <a href=\"https:\/\/www.suedcon.de\/wordpress\/veranstaltung\/spielrundenaushang\/\">Weiterlesen <span class=\"meta-nav\">&rarr;<\/span><\/a><\/p>\n","protected":false},"author":1,"featured_media":0,"parent":26,"menu_order":4,"comment_status":"closed","ping_status":"open","template":"","meta":[],"_links":{"self":[{"href":"https:\/\/www.suedcon.de\/wordpress\/wp-json\/wp\/v2\/pages\/36"}],"collection":[{"href":"https:\/\/www.suedcon.de\/wordpress\/wp-json\/wp\/v2\/pages"}],"about":[{"href":"https:\/\/www.suedcon.de\/wordpress\/wp-json\/wp\/v2\/types\/page"}],"author":[{"embeddable":true,"href":"https:\/\/www.suedcon.de\/wordpress\/wp-json\/wp\/v2\/users\/1"}],"replies":[{"embeddable":true,"href":"https:\/\/www.suedcon.de\/wordpress\/wp-json\/wp\/v2\/comments?post=36"}],"version-history":[{"count":6,"href":"https:\/\/www.suedcon.de\/wordpress\/wp-json\/wp\/v2\/pages\/36\/revisions"}],"predecessor-version":[{"id":102,"href":"https:\/\/www.suedcon.de\/wordpress\/wp-json\/wp\/v2\/pages\/36\/revisions\/102"}],"up":[{"embeddable":true,"href":"https:\/\/www.suedcon.de\/wordpress\/wp-json\/wp\/v2\/pages\/26"}],"wp:attachment":[{"href":"https:\/\/www.suedcon.de\/wordpress\/wp-json\/wp\/v2\/media?parent=36"}],"curies":[{"name":"wp","href":"https:\/\/api.w.org\/{rel}","templated":true}]}}