{"id":363,"date":"2015-12-01T18:31:46","date_gmt":"2015-12-01T17:31:46","guid":{"rendered":"http:\/\/www.suedcon.de\/wordpress\/?page_id=363"},"modified":"2018-08-09T00:05:34","modified_gmt":"2018-08-08T22:05:34","slug":"fotoalbum-sudcon-2015","status":"publish","type":"page","link":"https:\/\/www.suedcon.de\/wordpress\/veranstaltung\/fotoalbum-sudcon-2015\/","title":{"rendered":"Fotoalbum S\u00fcdcon 2015"},"content":{"rendered":"<p>Auch 2015 hatten wir winterliches Wetter. Hier einige Eindr\u00fccke von Aussen und Innen:<\/p>\n<div id=\"box-2\">\n<div>\n\n\t\t<style type=\"text\/css\">\n\t\t\t#gallery-1 {\n\t\t\t\tmargin: auto;\n\t\t\t}\n\t\t\t#gallery-1 .gallery-item {\n\t\t\t\tfloat: left;\n\t\t\t\tmargin-top: 10px;\n\t\t\t\ttext-align: center;\n\t\t\t\twidth: 33%;\n\t\t\t}\n\t\t\t#gallery-1 img {\n\t\t\t\tborder: 2px solid #cfcfcf;\n\t\t\t}\n\t\t\t#gallery-1 .gallery-caption {\n\t\t\t\tmargin-left: 0;\n\t\t\t}\n\t\t\t\/* see gallery_shortcode() in wp-includes\/media.php *\/\n\t\t<\/style>\n\t\t<div id='gallery-1' class='gallery galleryid-363 gallery-columns-3 gallery-size-thumbnail'><dl class='gallery-item'>\n\t\t\t<dt class='gallery-icon portrait'>\n\t\t\t\t<a href='https:\/\/www.suedcon.de\/wordpress\/wp-content\/uploads\/2015\/11\/DSC02746K.jpg'><img width=\"150\" height=\"150\" src=\"https:\/\/www.suedcon.de\/wordpress\/wp-content\/uploads\/2015\/11\/DSC02746K-150x150.jpg\" class=\"attachment-thumbnail size-thumbnail\" alt=\"\" decoding=\"async\" loading=\"lazy\" \/><\/a>\n\t\t\t<\/dt><\/dl><dl class='gallery-item'>\n\t\t\t<dt class='gallery-icon landscape'>\n\t\t\t\t<a href='https:\/\/www.suedcon.de\/wordpress\/wp-content\/uploads\/2015\/11\/DSC02748K.jpg'><img width=\"150\" height=\"150\" src=\"https:\/\/www.suedcon.de\/wordpress\/wp-content\/uploads\/2015\/11\/DSC02748K-150x150.jpg\" class=\"attachment-thumbnail size-thumbnail\" alt=\"\" decoding=\"async\" loading=\"lazy\" \/><\/a>\n\t\t\t<\/dt><\/dl><dl class='gallery-item'>\n\t\t\t<dt class='gallery-icon portrait'>\n\t\t\t\t<a href='https:\/\/www.suedcon.de\/wordpress\/wp-content\/uploads\/2015\/11\/DSC02749K.jpg'><img width=\"150\" height=\"150\" src=\"https:\/\/www.suedcon.de\/wordpress\/wp-content\/uploads\/2015\/11\/DSC02749K-150x150.jpg\" class=\"attachment-thumbnail size-thumbnail\" alt=\"\" decoding=\"async\" loading=\"lazy\" \/><\/a>\n\t\t\t<\/dt><\/dl><br style=\"clear: both\" \/><dl class='gallery-item'>\n\t\t\t<dt class='gallery-icon landscape'>\n\t\t\t\t<a href='https:\/\/www.suedcon.de\/wordpress\/wp-content\/uploads\/2015\/11\/DSC02758K.jpg'><img width=\"150\" height=\"150\" src=\"https:\/\/www.suedcon.de\/wordpress\/wp-content\/uploads\/2015\/11\/DSC02758K-150x150.jpg\" class=\"attachment-thumbnail size-thumbnail\" alt=\"\" decoding=\"async\" loading=\"lazy\" \/><\/a>\n\t\t\t<\/dt><\/dl><dl class='gallery-item'>\n\t\t\t<dt class='gallery-icon landscape'>\n\t\t\t\t<a href='https:\/\/www.suedcon.de\/wordpress\/wp-content\/uploads\/2015\/11\/DSC02759K.jpg'><img width=\"150\" height=\"150\" src=\"https:\/\/www.suedcon.de\/wordpress\/wp-content\/uploads\/2015\/11\/DSC02759K-150x150.jpg\" class=\"attachment-thumbnail size-thumbnail\" alt=\"\" decoding=\"async\" loading=\"lazy\" \/><\/a>\n\t\t\t<\/dt><\/dl><dl class='gallery-item'>\n\t\t\t<dt class='gallery-icon landscape'>\n\t\t\t\t<a href='https:\/\/www.suedcon.de\/wordpress\/wp-content\/uploads\/2015\/11\/DSC02760K.jpg'><img width=\"150\" height=\"150\" src=\"https:\/\/www.suedcon.de\/wordpress\/wp-content\/uploads\/2015\/11\/DSC02760K-150x150.jpg\" class=\"attachment-thumbnail size-thumbnail\" alt=\"\" decoding=\"async\" loading=\"lazy\" \/><\/a>\n\t\t\t<\/dt><\/dl><br style=\"clear: both\" \/><dl class='gallery-item'>\n\t\t\t<dt class='gallery-icon landscape'>\n\t\t\t\t<a href='https:\/\/www.suedcon.de\/wordpress\/wp-content\/uploads\/2015\/11\/DSC02761K.jpg'><img width=\"150\" height=\"150\" src=\"https:\/\/www.suedcon.de\/wordpress\/wp-content\/uploads\/2015\/11\/DSC02761K-150x150.jpg\" class=\"attachment-thumbnail size-thumbnail\" alt=\"\" decoding=\"async\" loading=\"lazy\" \/><\/a>\n\t\t\t<\/dt><\/dl><dl class='gallery-item'>\n\t\t\t<dt class='gallery-icon landscape'>\n\t\t\t\t<a href='https:\/\/www.suedcon.de\/wordpress\/wp-content\/uploads\/2015\/11\/DSC02762K.jpg'><img width=\"150\" height=\"150\" src=\"https:\/\/www.suedcon.de\/wordpress\/wp-content\/uploads\/2015\/11\/DSC02762K-150x150.jpg\" class=\"attachment-thumbnail size-thumbnail\" alt=\"\" decoding=\"async\" loading=\"lazy\" \/><\/a>\n\t\t\t<\/dt><\/dl><dl class='gallery-item'>\n\t\t\t<dt class='gallery-icon landscape'>\n\t\t\t\t<a href='https:\/\/www.suedcon.de\/wordpress\/wp-content\/uploads\/2015\/11\/DSC02764K.jpg'><img width=\"150\" height=\"150\" src=\"https:\/\/www.suedcon.de\/wordpress\/wp-content\/uploads\/2015\/11\/DSC02764K-150x150.jpg\" class=\"attachment-thumbnail size-thumbnail\" alt=\"\" decoding=\"async\" loading=\"lazy\" \/><\/a>\n\t\t\t<\/dt><\/dl><br style=\"clear: both\" \/><dl class='gallery-item'>\n\t\t\t<dt class='gallery-icon landscape'>\n\t\t\t\t<a href='https:\/\/www.suedcon.de\/wordpress\/wp-content\/uploads\/2015\/11\/DSC02767K.jpg'><img width=\"150\" height=\"150\" src=\"https:\/\/www.suedcon.de\/wordpress\/wp-content\/uploads\/2015\/11\/DSC02767K-150x150.jpg\" class=\"attachment-thumbnail size-thumbnail\" alt=\"\" decoding=\"async\" loading=\"lazy\" \/><\/a>\n\t\t\t<\/dt><\/dl><dl class='gallery-item'>\n\t\t\t<dt class='gallery-icon portrait'>\n\t\t\t\t<a href='https:\/\/www.suedcon.de\/wordpress\/wp-content\/uploads\/2015\/11\/DSC02768K.jpg'><img width=\"150\" height=\"150\" src=\"https:\/\/www.suedcon.de\/wordpress\/wp-content\/uploads\/2015\/11\/DSC02768K-150x150.jpg\" class=\"attachment-thumbnail size-thumbnail\" alt=\"\" decoding=\"async\" loading=\"lazy\" \/><\/a>\n\t\t\t<\/dt><\/dl><dl class='gallery-item'>\n\t\t\t<dt class='gallery-icon landscape'>\n\t\t\t\t<a href='https:\/\/www.suedcon.de\/wordpress\/wp-content\/uploads\/2015\/11\/DSC02770K.jpg'><img width=\"150\" height=\"150\" src=\"https:\/\/www.suedcon.de\/wordpress\/wp-content\/uploads\/2015\/11\/DSC02770K-150x150.jpg\" class=\"attachment-thumbnail size-thumbnail\" alt=\"\" decoding=\"async\" loading=\"lazy\" \/><\/a>\n\t\t\t<\/dt><\/dl><br style=\"clear: both\" \/><dl class='gallery-item'>\n\t\t\t<dt class='gallery-icon landscape'>\n\t\t\t\t<a href='https:\/\/www.suedcon.de\/wordpress\/wp-content\/uploads\/2015\/11\/DSC02771K.jpg'><img width=\"150\" height=\"150\" src=\"https:\/\/www.suedcon.de\/wordpress\/wp-content\/uploads\/2015\/11\/DSC02771K-150x150.jpg\" class=\"attachment-thumbnail size-thumbnail\" alt=\"\" decoding=\"async\" loading=\"lazy\" \/><\/a>\n\t\t\t<\/dt><\/dl><dl class='gallery-item'>\n\t\t\t<dt class='gallery-icon landscape'>\n\t\t\t\t<a href='https:\/\/www.suedcon.de\/wordpress\/wp-content\/uploads\/2015\/11\/DSC02772K.jpg'><img width=\"150\" height=\"150\" src=\"https:\/\/www.suedcon.de\/wordpress\/wp-content\/uploads\/2015\/11\/DSC02772K-150x150.jpg\" class=\"attachment-thumbnail size-thumbnail\" alt=\"\" decoding=\"async\" loading=\"lazy\" \/><\/a>\n\t\t\t<\/dt><\/dl><dl class='gallery-item'>\n\t\t\t<dt class='gallery-icon landscape'>\n\t\t\t\t<a href='https:\/\/www.suedcon.de\/wordpress\/wp-content\/uploads\/2015\/11\/DSC02773K.jpg'><img width=\"150\" height=\"150\" src=\"https:\/\/www.suedcon.de\/wordpress\/wp-content\/uploads\/2015\/11\/DSC02773K-150x150.jpg\" class=\"attachment-thumbnail size-thumbnail\" alt=\"\" decoding=\"async\" loading=\"lazy\" \/><\/a>\n\t\t\t<\/dt><\/dl><br style=\"clear: both\" \/><dl class='gallery-item'>\n\t\t\t<dt class='gallery-icon landscape'>\n\t\t\t\t<a href='https:\/\/www.suedcon.de\/wordpress\/wp-content\/uploads\/2015\/11\/DSC02779K.jpg'><img width=\"150\" height=\"150\" src=\"https:\/\/www.suedcon.de\/wordpress\/wp-content\/uploads\/2015\/11\/DSC02779K-150x150.jpg\" class=\"attachment-thumbnail size-thumbnail\" alt=\"\" decoding=\"async\" loading=\"lazy\" \/><\/a>\n\t\t\t<\/dt><\/dl><dl class='gallery-item'>\n\t\t\t<dt class='gallery-icon landscape'>\n\t\t\t\t<a href='https:\/\/www.suedcon.de\/wordpress\/wp-content\/uploads\/2015\/11\/DSC02780K.jpg'><img width=\"150\" height=\"150\" src=\"https:\/\/www.suedcon.de\/wordpress\/wp-content\/uploads\/2015\/11\/DSC02780K-150x150.jpg\" class=\"attachment-thumbnail size-thumbnail\" alt=\"\" decoding=\"async\" loading=\"lazy\" \/><\/a>\n\t\t\t<\/dt><\/dl><dl class='gallery-item'>\n\t\t\t<dt class='gallery-icon landscape'>\n\t\t\t\t<a href='https:\/\/www.suedcon.de\/wordpress\/wp-content\/uploads\/2015\/11\/DSC02781K.jpg'><img width=\"150\" height=\"150\" src=\"https:\/\/www.suedcon.de\/wordpress\/wp-content\/uploads\/2015\/11\/DSC02781K-150x150.jpg\" class=\"attachment-thumbnail size-thumbnail\" alt=\"\" decoding=\"async\" loading=\"lazy\" \/><\/a>\n\t\t\t<\/dt><\/dl><br style=\"clear: both\" \/><dl class='gallery-item'>\n\t\t\t<dt class='gallery-icon landscape'>\n\t\t\t\t<a href='https:\/\/www.suedcon.de\/wordpress\/wp-content\/uploads\/2015\/11\/DSC02782K.jpg'><img width=\"150\" height=\"150\" src=\"https:\/\/www.suedcon.de\/wordpress\/wp-content\/uploads\/2015\/11\/DSC02782K-150x150.jpg\" class=\"attachment-thumbnail size-thumbnail\" alt=\"\" decoding=\"async\" loading=\"lazy\" \/><\/a>\n\t\t\t<\/dt><\/dl><dl class='gallery-item'>\n\t\t\t<dt class='gallery-icon landscape'>\n\t\t\t\t<a href='https:\/\/www.suedcon.de\/wordpress\/wp-content\/uploads\/2015\/11\/DSC02783K.jpg'><img width=\"150\" height=\"150\" src=\"https:\/\/www.suedcon.de\/wordpress\/wp-content\/uploads\/2015\/11\/DSC02783K-150x150.jpg\" class=\"attachment-thumbnail size-thumbnail\" alt=\"\" decoding=\"async\" loading=\"lazy\" \/><\/a>\n\t\t\t<\/dt><\/dl><dl class='gallery-item'>\n\t\t\t<dt class='gallery-icon landscape'>\n\t\t\t\t<a href='https:\/\/www.suedcon.de\/wordpress\/wp-content\/uploads\/2015\/11\/DSC02785K.jpg'><img width=\"150\" height=\"150\" src=\"https:\/\/www.suedcon.de\/wordpress\/wp-content\/uploads\/2015\/11\/DSC02785K-150x150.jpg\" class=\"attachment-thumbnail size-thumbnail\" alt=\"\" decoding=\"async\" loading=\"lazy\" \/><\/a>\n\t\t\t<\/dt><\/dl><br style=\"clear: both\" \/><dl class='gallery-item'>\n\t\t\t<dt class='gallery-icon landscape'>\n\t\t\t\t<a href='https:\/\/www.suedcon.de\/wordpress\/wp-content\/uploads\/2015\/11\/DSC02786K.jpg'><img width=\"150\" height=\"150\" src=\"https:\/\/www.suedcon.de\/wordpress\/wp-content\/uploads\/2015\/11\/DSC02786K-150x150.jpg\" class=\"attachment-thumbnail size-thumbnail\" alt=\"\" decoding=\"async\" loading=\"lazy\" \/><\/a>\n\t\t\t<\/dt><\/dl><dl class='gallery-item'>\n\t\t\t<dt class='gallery-icon landscape'>\n\t\t\t\t<a href='https:\/\/www.suedcon.de\/wordpress\/wp-content\/uploads\/2015\/11\/DSC02787K.jpg'><img width=\"150\" height=\"150\" src=\"https:\/\/www.suedcon.de\/wordpress\/wp-content\/uploads\/2015\/11\/DSC02787K-150x150.jpg\" class=\"attachment-thumbnail size-thumbnail\" alt=\"\" decoding=\"async\" loading=\"lazy\" \/><\/a>\n\t\t\t<\/dt><\/dl><dl class='gallery-item'>\n\t\t\t<dt class='gallery-icon landscape'>\n\t\t\t\t<a href='https:\/\/www.suedcon.de\/wordpress\/wp-content\/uploads\/2015\/11\/DSC02788K.jpg'><img width=\"150\" height=\"150\" src=\"https:\/\/www.suedcon.de\/wordpress\/wp-content\/uploads\/2015\/11\/DSC02788K-150x150.jpg\" class=\"attachment-thumbnail size-thumbnail\" alt=\"\" decoding=\"async\" loading=\"lazy\" \/><\/a>\n\t\t\t<\/dt><\/dl><br style=\"clear: both\" \/><dl class='gallery-item'>\n\t\t\t<dt class='gallery-icon landscape'>\n\t\t\t\t<a href='https:\/\/www.suedcon.de\/wordpress\/wp-content\/uploads\/2015\/11\/DSC02790K.jpg'><img width=\"150\" height=\"150\" src=\"https:\/\/www.suedcon.de\/wordpress\/wp-content\/uploads\/2015\/11\/DSC02790K-150x150.jpg\" class=\"attachment-thumbnail size-thumbnail\" alt=\"\" decoding=\"async\" loading=\"lazy\" \/><\/a>\n\t\t\t<\/dt><\/dl>\n\t\t\t<br style='clear: both' \/>\n\t\t<\/div>\n\n<p>Bilder von 15. S\u00fcdcon am 26. bis 29. November 2015.<\/p>\n<p>Solltest du mit der Ver\u00f6ffentlichung deines Fotos hier nicht einverstanden sein sende bitte eine kurze E-Mail an <em>anmeldung -at- suedcon -punkt- de<\/em>. Wir werden die entsprechenden Bilder dann so schnell wie m\u00f6glich entfernen.<\/p>\n<\/div>\n<\/div>\n","protected":false},"excerpt":{"rendered":"<p>Auch 2015 hatten wir winterliches Wetter. Hier einige Eindr\u00fccke von Aussen und Innen: Bilder von 15. S\u00fcdcon am 26. bis 29. November 2015. Solltest du mit der Ver\u00f6ffentlichung deines Fotos hier nicht einverstanden sein sende bitte eine kurze E-Mail an &hellip; <a href=\"https:\/\/www.suedcon.de\/wordpress\/veranstaltung\/fotoalbum-sudcon-2015\/\">Weiterlesen <span class=\"meta-nav\">&rarr;<\/span><\/a><\/p>\n","protected":false},"author":5,"featured_media":0,"parent":26,"menu_order":6,"comment_status":"closed","ping_status":"open","template":"","meta":[],"_links":{"self":[{"href":"https:\/\/www.suedcon.de\/wordpress\/wp-json\/wp\/v2\/pages\/363"}],"collection":[{"href":"https:\/\/www.suedcon.de\/wordpress\/wp-json\/wp\/v2\/pages"}],"about":[{"href":"https:\/\/www.suedcon.de\/wordpress\/wp-json\/wp\/v2\/types\/page"}],"author":[{"embeddable":true,"href":"https:\/\/www.suedcon.de\/wordpress\/wp-json\/wp\/v2\/users\/5"}],"replies":[{"embeddable":true,"href":"https:\/\/www.suedcon.de\/wordpress\/wp-json\/wp\/v2\/comments?post=363"}],"version-history":[{"count":14,"href":"https:\/\/www.suedcon.de\/wordpress\/wp-json\/wp\/v2\/pages\/363\/revisions"}],"predecessor-version":[{"id":856,"href":"https:\/\/www.suedcon.de\/wordpress\/wp-json\/wp\/v2\/pages\/363\/revisions\/856"}],"up":[{"embeddable":true,"href":"https:\/\/www.suedcon.de\/wordpress\/wp-json\/wp\/v2\/pages\/26"}],"wp:attachment":[{"href":"https:\/\/www.suedcon.de\/wordpress\/wp-json\/wp\/v2\/media?parent=363"}],"curies":[{"name":"wp","href":"https:\/\/api.w.org\/{rel}","templated":true}]}}