{"id":50,"date":"2011-06-09T12:37:39","date_gmt":"2011-06-09T10:37:39","guid":{"rendered":"http:\/\/www.suedcon.de\/wordpress\/?page_id=50"},"modified":"2013-09-14T02:02:29","modified_gmt":"2013-09-14T00:02:29","slug":"special-event","status":"publish","type":"page","link":"https:\/\/www.suedcon.de\/wordpress\/veranstaltung\/special-event\/","title":{"rendered":"Special Event"},"content":{"rendered":"<p>An dieser Stelle findet ihr Informationen, ob auf dem Con ein Special Event, wie beispielsweise ein neues Abenteuer der Con-Kampagne, stattfinden wird.<\/p>\n<p>Momentan laufen die Planungen f\u00fcr ein entsprechendes Event. Wenn alles gut l\u00e4uft, werden wir auf dem S\u00fcdCon ein weiteres Kapitel der &#8222;Midgard-Con-Saga&#8220; aufschlagen k\u00f6nnen. Sobald es hierzu handfeste Neuigkeiten gibt, erhaltet ihr an dieser Stelle alle notwendigen Informationen!<\/p>\n","protected":false},"excerpt":{"rendered":"<p>An dieser Stelle findet ihr Informationen, ob auf dem Con ein Special Event, wie beispielsweise ein neues Abenteuer der Con-Kampagne, stattfinden wird. Momentan laufen die Planungen f\u00fcr ein entsprechendes Event. Wenn alles gut l\u00e4uft, werden wir auf dem S\u00fcdCon ein &hellip; <a href=\"https:\/\/www.suedcon.de\/wordpress\/veranstaltung\/special-event\/\">Weiterlesen <span class=\"meta-nav\">&rarr;<\/span><\/a><\/p>\n","protected":false},"author":1,"featured_media":0,"parent":26,"menu_order":4,"comment_status":"closed","ping_status":"open","template":"","meta":[],"_links":{"self":[{"href":"https:\/\/www.suedcon.de\/wordpress\/wp-json\/wp\/v2\/pages\/50"}],"collection":[{"href":"https:\/\/www.suedcon.de\/wordpress\/wp-json\/wp\/v2\/pages"}],"about":[{"href":"https:\/\/www.suedcon.de\/wordpress\/wp-json\/wp\/v2\/types\/page"}],"author":[{"embeddable":true,"href":"https:\/\/www.suedcon.de\/wordpress\/wp-json\/wp\/v2\/users\/1"}],"replies":[{"embeddable":true,"href":"https:\/\/www.suedcon.de\/wordpress\/wp-json\/wp\/v2\/comments?post=50"}],"version-history":[{"count":10,"href":"https:\/\/www.suedcon.de\/wordpress\/wp-json\/wp\/v2\/pages\/50\/revisions"}],"predecessor-version":[{"id":261,"href":"https:\/\/www.suedcon.de\/wordpress\/wp-json\/wp\/v2\/pages\/50\/revisions\/261"}],"up":[{"embeddable":true,"href":"https:\/\/www.suedcon.de\/wordpress\/wp-json\/wp\/v2\/pages\/26"}],"wp:attachment":[{"href":"https:\/\/www.suedcon.de\/wordpress\/wp-json\/wp\/v2\/media?parent=50"}],"curies":[{"name":"wp","href":"https:\/\/api.w.org\/{rel}","templated":true}]}}